{"id":12,"date":"2025-03-11T18:37:16","date_gmt":"2025-03-11T17:37:16","guid":{"rendered":"https:\/\/www.valleedescontes.org\/?page_id=12"},"modified":"2026-02-16T13:50:46","modified_gmt":"2026-02-16T12:50:46","slug":"vallee_des_contes","status":"publish","type":"page","link":"https:\/\/www.valleedescontes.org\/","title":{"rendered":"Accueil &#8211; La Vall\u00e9e des contes de la Vall\u00e9e de Munster"},"content":{"rendered":"\t\t<div data-elementor-type=\"wp-page\" data-elementor-id=\"12\" class=\"elementor elementor-12\" data-elementor-post-type=\"page\">\n\t\t\t\t<div class=\"elementor-element elementor-element-0b3257a e-flex e-con-boxed e-con e-parent\" data-id=\"0b3257a\" data-element_type=\"container\" data-settings=\"{&quot;background_background&quot;:&quot;classic&quot;}\">\n\t\t\t\t\t<div class=\"e-con-inner\">\n\t\t\t\t\t<\/div>\n\t\t\t\t<\/div>\n\t\t<div class=\"elementor-element elementor-element-e03686e e-flex e-con-boxed e-con e-parent\" data-id=\"e03686e\" data-element_type=\"container\">\n\t\t\t\t\t<div class=\"e-con-inner\">\n\t\t\t\t<div class=\"elementor-element elementor-element-029afdc elementor-widget elementor-widget-heading\" data-id=\"029afdc\" data-element_type=\"widget\" data-widget_type=\"heading.default\">\n\t\t\t\t<div class=\"elementor-widget-container\">\n\t\t\t\t\t<h1 class=\"elementor-heading-title elementor-size-default\">Le festival de la vall\u00e9e des contes <\/h1>\t\t\t\t<\/div>\n\t\t\t\t<\/div>\n\t\t\t\t\t<\/div>\n\t\t\t\t<\/div>\n\t\t<div class=\"elementor-element elementor-element-eb03c76 e-flex e-con-boxed e-con e-parent\" data-id=\"eb03c76\" data-element_type=\"container\">\n\t\t\t\t\t<div class=\"e-con-inner\">\n\t\t\t\t<div class=\"elementor-element elementor-element-35174bf elementor-widget elementor-widget-text-editor\" data-id=\"35174bf\" data-element_type=\"widget\" data-widget_type=\"text-editor.default\">\n\t\t\t\t<div class=\"elementor-widget-container\">\n\t\t\t\t\t\t\t\t\t<p data-start=\"192\" data-end=\"556\">Chaque ann\u00e9e, la <strong>Vall\u00e9e de Munster<\/strong> se transforme en un v\u00e9ritable \u00e9crin de <strong>l\u00e9gendes et de r\u00e9cits venus d\u2019Alsace et d\u2019ailleurs<\/strong>. Le Festival de la Vall\u00e9e des Contes invite petits et grands \u00e0 <strong>un voyage captivant \u00e0 travers des spectacles envo\u00fbtants<\/strong>, des <strong>balades cont\u00e9es<\/strong> et des <strong>animations immersives<\/strong>, le tout port\u00e9 par des <strong>conteurs passionn\u00e9s<\/strong> et des artistes de renom. Au fil des 15 villages de la vall\u00e9e, laissez-vous emporter par des histoires fascinantes dans des cadres authentiques et enchanteurs. De la <strong>tradition orale<\/strong> aux <strong>spectacles musicaux<\/strong>, en passant par des performances inspir\u00e9es des cultures du monde, le festival c\u00e9l\u00e8bre la richesse du patrimoine immat\u00e9riel dans une <strong>ambiance conviviale et familiale<\/strong>.<\/p>\t\t\t\t\t\t\t\t<\/div>\n\t\t\t\t<\/div>\n\t\t\t\t<div class=\"elementor-element elementor-element-6c49ace elementor-widget elementor-widget-text-editor\" data-id=\"6c49ace\" data-element_type=\"widget\" data-widget_type=\"text-editor.default\">\n\t\t\t\t<div class=\"elementor-widget-container\">\n\t\t\t\t\t\t\t\t\t<p data-start=\"907\" data-end=\"1130\"><em>Que vous soyez amateur de contes anciens, curieux de nouvelles l\u00e9gendes ou simplement en qu\u00eate d\u2019\u00e9motions et de partages,<strong><br \/><\/strong><\/em><em><strong>le Festival de la Vall\u00e9e des Contes vous ouvre les portes d\u2019un univers o\u00f9 le merveilleux prend vie.<\/strong><\/em><\/p>\t\t\t\t\t\t\t\t<\/div>\n\t\t\t\t<\/div>\n\t\t\t\t\t<\/div>\n\t\t\t\t<\/div>\n\t\t<div class=\"elementor-element elementor-element-38c6a1a e-flex e-con-boxed e-con e-parent\" data-id=\"38c6a1a\" data-element_type=\"container\">\n\t\t\t\t\t<div class=\"e-con-inner\">\n\t\t\t\t<div class=\"elementor-element elementor-element-278154d elementor-widget elementor-widget-heading\" data-id=\"278154d\" data-element_type=\"widget\" data-widget_type=\"heading.default\">\n\t\t\t\t<div class=\"elementor-widget-container\">\n\t\t\t\t\t<h2 class=\"elementor-heading-title elementor-size-default\">Le flyer du Festival 2025 :<\/h2>\t\t\t\t<\/div>\n\t\t\t\t<\/div>\n\t\t\t\t<div class=\"elementor-element elementor-element-16e960b elementor-widget elementor-widget-image\" data-id=\"16e960b\" data-element_type=\"widget\" data-widget_type=\"image.default\">\n\t\t\t\t<div class=\"elementor-widget-container\">\n\t\t\t\t\t\t\t\t\t\t\t\t\t\t\t\t<a href=\"https:\/\/www.valleedescontes.org\/wp-content\/uploads\/2025\/08\/VDC-brochure-2025-v2025-08-25-xs.pdf\" target=\"_blank\">\n\t\t\t\t\t\t\t<img fetchpriority=\"high\" decoding=\"async\" width=\"488\" height=\"1024\" src=\"https:\/\/www.valleedescontes.org\/wp-content\/uploads\/2025\/08\/Capture-decran-2025-08-07-a-09.06.53-488x1024.png\" class=\"attachment-large size-large wp-image-196\" alt=\"\" srcset=\"https:\/\/www.valleedescontes.org\/wp-content\/uploads\/2025\/08\/Capture-decran-2025-08-07-a-09.06.53-488x1024.png 488w, https:\/\/www.valleedescontes.org\/wp-content\/uploads\/2025\/08\/Capture-decran-2025-08-07-a-09.06.53-143x300.png 143w, https:\/\/www.valleedescontes.org\/wp-content\/uploads\/2025\/08\/Capture-decran-2025-08-07-a-09.06.53.png 592w\" sizes=\"(max-width: 488px) 100vw, 488px\" \/>\t\t\t\t\t\t\t\t<\/a>\n\t\t\t\t\t\t\t\t\t\t\t\t\t\t\t<\/div>\n\t\t\t\t<\/div>\n\t\t\t\t<div class=\"elementor-element elementor-element-6ec5421 elementor-widget elementor-widget-heading\" data-id=\"6ec5421\" data-element_type=\"widget\" data-widget_type=\"heading.default\">\n\t\t\t\t<div class=\"elementor-widget-container\">\n\t\t\t\t\t<h3 class=\"elementor-heading-title elementor-size-default\"><a href=\"https:\/\/www.valleedescontes.org\/wp-content\/uploads\/2025\/08\/VDC-brochure-2025-v2025-08-25-xs.pdf\" target=\"_blank\">T\u00e9l\u00e9charger le Flyer ici<\/a><\/h3>\t\t\t\t<\/div>\n\t\t\t\t<\/div>\n\t\t\t\t<div class=\"elementor-element elementor-element-5c09c5a elementor-widget elementor-widget-text-editor\" data-id=\"5c09c5a\" data-element_type=\"widget\" data-widget_type=\"text-editor.default\">\n\t\t\t\t<div class=\"elementor-widget-container\">\n\t\t\t\t\t\t\t\t\t<div id=\"fb-root\"><\/div>\n<script async defer crossorigin=\"anonymous\" src=\"https:\/\/connect.facebook.net\/fr_FR\/sdk.js#xfbml=1&#038;version=v24.0&#038;appId=APP_ID\"><\/script>\t\t\t\t\t\t\t\t<\/div>\n\t\t\t\t<\/div>\n\t\t\t\t\t<\/div>\n\t\t\t\t<\/div>\n\t\t<div class=\"elementor-element elementor-element-7d05662 e-flex e-con-boxed e-con e-parent\" data-id=\"7d05662\" data-element_type=\"container\">\n\t\t\t\t\t<div class=\"e-con-inner\">\n\t\t\t\t<div class=\"elementor-element elementor-element-f4507c3 elementor-widget elementor-widget-heading\" data-id=\"f4507c3\" data-element_type=\"widget\" data-widget_type=\"heading.default\">\n\t\t\t\t<div class=\"elementor-widget-container\">\n\t\t\t\t\t<h2 class=\"elementor-heading-title elementor-size-default\">Articles de presse :<\/h2>\t\t\t\t<\/div>\n\t\t\t\t<\/div>\n\t\t\t\t\t<\/div>\n\t\t\t\t<\/div>\n\t\t<div class=\"elementor-element elementor-element-ab83b93 e-flex e-con-boxed e-con e-parent\" data-id=\"ab83b93\" data-element_type=\"container\">\n\t\t\t\t\t<div class=\"e-con-inner\">\n\t\t<div class=\"elementor-element elementor-element-793e1e0 e-con-full e-flex e-con e-child\" data-id=\"793e1e0\" data-element_type=\"container\">\n\t\t\t\t<div class=\"elementor-element elementor-element-16d9a1e elementor-widget elementor-widget-image\" data-id=\"16d9a1e\" data-element_type=\"widget\" data-widget_type=\"image.default\">\n\t\t\t\t<div class=\"elementor-widget-container\">\n\t\t\t\t\t\t\t\t\t\t\t\t\t\t\t<img decoding=\"async\" width=\"745\" height=\"1024\" src=\"https:\/\/www.valleedescontes.org\/wp-content\/uploads\/2025\/05\/2025article-presse-Gerard-leser-1-745x1024.png\" class=\"attachment-large size-large wp-image-159\" alt=\"\" srcset=\"https:\/\/www.valleedescontes.org\/wp-content\/uploads\/2025\/05\/2025article-presse-Gerard-leser-1-745x1024.png 745w, https:\/\/www.valleedescontes.org\/wp-content\/uploads\/2025\/05\/2025article-presse-Gerard-leser-1-218x300.png 218w, https:\/\/www.valleedescontes.org\/wp-content\/uploads\/2025\/05\/2025article-presse-Gerard-leser-1-768x1056.png 768w, https:\/\/www.valleedescontes.org\/wp-content\/uploads\/2025\/05\/2025article-presse-Gerard-leser-1-1117x1536.png 1117w, https:\/\/www.valleedescontes.org\/wp-content\/uploads\/2025\/05\/2025article-presse-Gerard-leser-1-1489x2048.png 1489w, https:\/\/www.valleedescontes.org\/wp-content\/uploads\/2025\/05\/2025article-presse-Gerard-leser-1.png 1700w\" sizes=\"(max-width: 745px) 100vw, 745px\" \/>\t\t\t\t\t\t\t\t\t\t\t\t\t\t\t<\/div>\n\t\t\t\t<\/div>\n\t\t\t\t<\/div>\n\t\t<div class=\"elementor-element elementor-element-89780d9 e-con-full e-flex e-con e-child\" data-id=\"89780d9\" data-element_type=\"container\">\n\t\t\t\t<div class=\"elementor-element elementor-element-7519ef5 elementor-widget elementor-widget-image\" data-id=\"7519ef5\" data-element_type=\"widget\" data-widget_type=\"image.default\">\n\t\t\t\t<div class=\"elementor-widget-container\">\n\t\t\t\t\t\t\t\t\t\t\t\t\t\t\t<img decoding=\"async\" width=\"745\" height=\"1024\" src=\"https:\/\/www.valleedescontes.org\/wp-content\/uploads\/2025\/05\/2025-article-Gerard-leser-745x1024.png\" class=\"attachment-large size-large wp-image-160\" alt=\"\" srcset=\"https:\/\/www.valleedescontes.org\/wp-content\/uploads\/2025\/05\/2025-article-Gerard-leser-745x1024.png 745w, https:\/\/www.valleedescontes.org\/wp-content\/uploads\/2025\/05\/2025-article-Gerard-leser-218x300.png 218w, https:\/\/www.valleedescontes.org\/wp-content\/uploads\/2025\/05\/2025-article-Gerard-leser-768x1056.png 768w, https:\/\/www.valleedescontes.org\/wp-content\/uploads\/2025\/05\/2025-article-Gerard-leser-1117x1536.png 1117w, https:\/\/www.valleedescontes.org\/wp-content\/uploads\/2025\/05\/2025-article-Gerard-leser-1489x2048.png 1489w, https:\/\/www.valleedescontes.org\/wp-content\/uploads\/2025\/05\/2025-article-Gerard-leser.png 1700w\" sizes=\"(max-width: 745px) 100vw, 745px\" \/>\t\t\t\t\t\t\t\t\t\t\t\t\t\t\t<\/div>\n\t\t\t\t<\/div>\n\t\t\t\t<\/div>\n\t\t\t\t\t<\/div>\n\t\t\t\t<\/div>\n\t\t<div class=\"elementor-element elementor-element-3475cf5 e-flex e-con-boxed e-con e-parent\" data-id=\"3475cf5\" data-element_type=\"container\">\n\t\t\t\t\t<div class=\"e-con-inner\">\n\t\t\t\t<div class=\"elementor-element elementor-element-116ea0c elementor-widget-divider--view-line elementor-widget elementor-widget-divider\" data-id=\"116ea0c\" data-element_type=\"widget\" data-widget_type=\"divider.default\">\n\t\t\t\t<div class=\"elementor-widget-container\">\n\t\t\t\t\t\t\t<div class=\"elementor-divider\">\n\t\t\t<span class=\"elementor-divider-separator\">\n\t\t\t\t\t\t<\/span>\n\t\t<\/div>\n\t\t\t\t\t\t<\/div>\n\t\t\t\t<\/div>\n\t\t\t\t\t<\/div>\n\t\t\t\t<\/div>\n\t\t\t\t<\/div>\n\t\t","protected":false},"excerpt":{"rendered":"<p>Le festival de la vall\u00e9e des contes Chaque ann\u00e9e, la Vall\u00e9e de Munster se transforme en un v\u00e9ritable \u00e9crin de l\u00e9gendes et de r\u00e9cits venus d\u2019Alsace et d\u2019ailleurs. Le Festival de la Vall\u00e9e des Contes invite petits et grands \u00e0 un voyage captivant \u00e0 travers des spectacles envo\u00fbtants, des balades cont\u00e9es et des animations immersives, [&hellip;]<\/p>\n","protected":false},"author":1,"featured_media":0,"parent":0,"menu_order":0,"comment_status":"closed","ping_status":"closed","template":"elementor_header_footer","meta":{"footnotes":""},"class_list":["post-12","page","type-page","status-publish","hentry"],"yoast_head":"<!-- This site is optimized with the Yoast SEO plugin v24.6 - https:\/\/yoast.com\/wordpress\/plugins\/seo\/ -->\n<title>Accueil - La Vall\u00e9e des contes de la Vall\u00e9e de Munster - La Vall\u00e9e des contes<\/title>\n<meta name=\"description\" content=\"Accueil de l&#039;association de la Vall\u00e9e des contes\" \/>\n<meta name=\"robots\" content=\"index, follow, max-snippet:-1, max-image-preview:large, max-video-preview:-1\" \/>\n<link rel=\"canonical\" href=\"https:\/\/www.valleedescontes.org\/\" \/>\n<meta property=\"og:locale\" content=\"fr_FR\" \/>\n<meta property=\"og:type\" content=\"article\" \/>\n<meta property=\"og:title\" content=\"Accueil - La Vall\u00e9e des contes de la Vall\u00e9e de Munster - La Vall\u00e9e des contes\" \/>\n<meta property=\"og:description\" content=\"Accueil de l&#039;association de la Vall\u00e9e des contes\" \/>\n<meta property=\"og:url\" content=\"https:\/\/www.valleedescontes.org\/\" \/>\n<meta property=\"og:site_name\" content=\"La Vall\u00e9e des contes\" \/>\n<meta property=\"article:publisher\" content=\"https:\/\/www.facebook.com\/valleedescontes\/\" \/>\n<meta property=\"article:modified_time\" content=\"2026-02-16T12:50:46+00:00\" \/>\n<meta property=\"og:image\" content=\"https:\/\/www.valleedescontes.org\/wp-content\/uploads\/2025\/08\/Capture-decran-2025-08-07-a-09.06.53.png\" \/>\n\t<meta property=\"og:image:width\" content=\"592\" \/>\n\t<meta property=\"og:image:height\" content=\"1242\" \/>\n\t<meta property=\"og:image:type\" content=\"image\/png\" \/>\n<meta name=\"twitter:card\" content=\"summary_large_image\" \/>\n<meta name=\"twitter:label1\" content=\"Dur\u00e9e de lecture estim\u00e9e\" \/>\n\t<meta name=\"twitter:data1\" content=\"2 minutes\" \/>\n<script type=\"application\/ld+json\" class=\"yoast-schema-graph\">{\"@context\":\"https:\/\/schema.org\",\"@graph\":[{\"@type\":\"WebPage\",\"@id\":\"https:\/\/www.valleedescontes.org\/\",\"url\":\"https:\/\/www.valleedescontes.org\/\",\"name\":\"Accueil - La Vall\u00e9e des contes de la Vall\u00e9e de Munster - La Vall\u00e9e des contes\",\"isPartOf\":{\"@id\":\"https:\/\/www.valleedescontes.org\/#website\"},\"primaryImageOfPage\":{\"@id\":\"https:\/\/www.valleedescontes.org\/#primaryimage\"},\"image\":{\"@id\":\"https:\/\/www.valleedescontes.org\/#primaryimage\"},\"thumbnailUrl\":\"https:\/\/www.valleedescontes.org\/wp-content\/uploads\/2025\/08\/Capture-decran-2025-08-07-a-09.06.53-488x1024.png\",\"datePublished\":\"2025-03-11T17:37:16+00:00\",\"dateModified\":\"2026-02-16T12:50:46+00:00\",\"description\":\"Accueil de l'association de la Vall\u00e9e des contes\",\"breadcrumb\":{\"@id\":\"https:\/\/www.valleedescontes.org\/#breadcrumb\"},\"inLanguage\":\"fr-FR\",\"potentialAction\":[{\"@type\":\"ReadAction\",\"target\":[\"https:\/\/www.valleedescontes.org\/\"]}]},{\"@type\":\"ImageObject\",\"inLanguage\":\"fr-FR\",\"@id\":\"https:\/\/www.valleedescontes.org\/#primaryimage\",\"url\":\"https:\/\/www.valleedescontes.org\/wp-content\/uploads\/2025\/08\/Capture-decran-2025-08-07-a-09.06.53.png\",\"contentUrl\":\"https:\/\/www.valleedescontes.org\/wp-content\/uploads\/2025\/08\/Capture-decran-2025-08-07-a-09.06.53.png\",\"width\":592,\"height\":1242},{\"@type\":\"BreadcrumbList\",\"@id\":\"https:\/\/www.valleedescontes.org\/#breadcrumb\",\"itemListElement\":[{\"@type\":\"ListItem\",\"position\":1,\"name\":\"Accueil\",\"item\":\"https:\/\/www.valleedescontes.org\/\"},{\"@type\":\"ListItem\",\"position\":2,\"name\":\"Accueil &#8211; La Vall\u00e9e des contes de la Vall\u00e9e de Munster\"}]},{\"@type\":\"WebSite\",\"@id\":\"https:\/\/www.valleedescontes.org\/#website\",\"url\":\"https:\/\/www.valleedescontes.org\/\",\"name\":\"La Vall\u00e9e des contes - vall\u00e9e de Munster\",\"description\":\"La Vall\u00e9e des contes - Vall\u00e9e de Munster\",\"publisher\":{\"@id\":\"https:\/\/www.valleedescontes.org\/#organization\"},\"potentialAction\":[{\"@type\":\"SearchAction\",\"target\":{\"@type\":\"EntryPoint\",\"urlTemplate\":\"https:\/\/www.valleedescontes.org\/?s={search_term_string}\"},\"query-input\":{\"@type\":\"PropertyValueSpecification\",\"valueRequired\":true,\"valueName\":\"search_term_string\"}}],\"inLanguage\":\"fr-FR\"},{\"@type\":\"Organization\",\"@id\":\"https:\/\/www.valleedescontes.org\/#organization\",\"name\":\"Vallee des contes\",\"url\":\"https:\/\/www.valleedescontes.org\/\",\"logo\":{\"@type\":\"ImageObject\",\"inLanguage\":\"fr-FR\",\"@id\":\"https:\/\/www.valleedescontes.org\/#\/schema\/logo\/image\/\",\"url\":\"https:\/\/www.valleedescontes.org\/wp-content\/uploads\/2025\/03\/Logo_vallee_des_contes.png\",\"contentUrl\":\"https:\/\/www.valleedescontes.org\/wp-content\/uploads\/2025\/03\/Logo_vallee_des_contes.png\",\"width\":800,\"height\":100,\"caption\":\"Vallee des contes\"},\"image\":{\"@id\":\"https:\/\/www.valleedescontes.org\/#\/schema\/logo\/image\/\"},\"sameAs\":[\"https:\/\/www.facebook.com\/valleedescontes\/\"]}]}<\/script>\n<!-- \/ Yoast SEO plugin. -->","yoast_head_json":{"title":"Accueil - La Vall\u00e9e des contes de la Vall\u00e9e de Munster - La Vall\u00e9e des contes","description":"Accueil de l'association de la Vall\u00e9e des contes","robots":{"index":"index","follow":"follow","max-snippet":"max-snippet:-1","max-image-preview":"max-image-preview:large","max-video-preview":"max-video-preview:-1"},"canonical":"https:\/\/www.valleedescontes.org\/","og_locale":"fr_FR","og_type":"article","og_title":"Accueil - La Vall\u00e9e des contes de la Vall\u00e9e de Munster - La Vall\u00e9e des contes","og_description":"Accueil de l'association de la Vall\u00e9e des contes","og_url":"https:\/\/www.valleedescontes.org\/","og_site_name":"La Vall\u00e9e des contes","article_publisher":"https:\/\/www.facebook.com\/valleedescontes\/","article_modified_time":"2026-02-16T12:50:46+00:00","og_image":[{"width":592,"height":1242,"url":"https:\/\/www.valleedescontes.org\/wp-content\/uploads\/2025\/08\/Capture-decran-2025-08-07-a-09.06.53.png","type":"image\/png"}],"twitter_card":"summary_large_image","twitter_misc":{"Dur\u00e9e de lecture estim\u00e9e":"2 minutes"},"schema":{"@context":"https:\/\/schema.org","@graph":[{"@type":"WebPage","@id":"https:\/\/www.valleedescontes.org\/","url":"https:\/\/www.valleedescontes.org\/","name":"Accueil - La Vall\u00e9e des contes de la Vall\u00e9e de Munster - La Vall\u00e9e des contes","isPartOf":{"@id":"https:\/\/www.valleedescontes.org\/#website"},"primaryImageOfPage":{"@id":"https:\/\/www.valleedescontes.org\/#primaryimage"},"image":{"@id":"https:\/\/www.valleedescontes.org\/#primaryimage"},"thumbnailUrl":"https:\/\/www.valleedescontes.org\/wp-content\/uploads\/2025\/08\/Capture-decran-2025-08-07-a-09.06.53-488x1024.png","datePublished":"2025-03-11T17:37:16+00:00","dateModified":"2026-02-16T12:50:46+00:00","description":"Accueil de l'association de la Vall\u00e9e des contes","breadcrumb":{"@id":"https:\/\/www.valleedescontes.org\/#breadcrumb"},"inLanguage":"fr-FR","potentialAction":[{"@type":"ReadAction","target":["https:\/\/www.valleedescontes.org\/"]}]},{"@type":"ImageObject","inLanguage":"fr-FR","@id":"https:\/\/www.valleedescontes.org\/#primaryimage","url":"https:\/\/www.valleedescontes.org\/wp-content\/uploads\/2025\/08\/Capture-decran-2025-08-07-a-09.06.53.png","contentUrl":"https:\/\/www.valleedescontes.org\/wp-content\/uploads\/2025\/08\/Capture-decran-2025-08-07-a-09.06.53.png","width":592,"height":1242},{"@type":"BreadcrumbList","@id":"https:\/\/www.valleedescontes.org\/#breadcrumb","itemListElement":[{"@type":"ListItem","position":1,"name":"Accueil","item":"https:\/\/www.valleedescontes.org\/"},{"@type":"ListItem","position":2,"name":"Accueil &#8211; La Vall\u00e9e des contes de la Vall\u00e9e de Munster"}]},{"@type":"WebSite","@id":"https:\/\/www.valleedescontes.org\/#website","url":"https:\/\/www.valleedescontes.org\/","name":"La Vall\u00e9e des contes - vall\u00e9e de Munster","description":"La Vall\u00e9e des contes - Vall\u00e9e de Munster","publisher":{"@id":"https:\/\/www.valleedescontes.org\/#organization"},"potentialAction":[{"@type":"SearchAction","target":{"@type":"EntryPoint","urlTemplate":"https:\/\/www.valleedescontes.org\/?s={search_term_string}"},"query-input":{"@type":"PropertyValueSpecification","valueRequired":true,"valueName":"search_term_string"}}],"inLanguage":"fr-FR"},{"@type":"Organization","@id":"https:\/\/www.valleedescontes.org\/#organization","name":"Vallee des contes","url":"https:\/\/www.valleedescontes.org\/","logo":{"@type":"ImageObject","inLanguage":"fr-FR","@id":"https:\/\/www.valleedescontes.org\/#\/schema\/logo\/image\/","url":"https:\/\/www.valleedescontes.org\/wp-content\/uploads\/2025\/03\/Logo_vallee_des_contes.png","contentUrl":"https:\/\/www.valleedescontes.org\/wp-content\/uploads\/2025\/03\/Logo_vallee_des_contes.png","width":800,"height":100,"caption":"Vallee des contes"},"image":{"@id":"https:\/\/www.valleedescontes.org\/#\/schema\/logo\/image\/"},"sameAs":["https:\/\/www.facebook.com\/valleedescontes\/"]}]}},"_links":{"self":[{"href":"https:\/\/www.valleedescontes.org\/index.php?rest_route=\/wp\/v2\/pages\/12","targetHints":{"allow":["GET"]}}],"collection":[{"href":"https:\/\/www.valleedescontes.org\/index.php?rest_route=\/wp\/v2\/pages"}],"about":[{"href":"https:\/\/www.valleedescontes.org\/index.php?rest_route=\/wp\/v2\/types\/page"}],"author":[{"embeddable":true,"href":"https:\/\/www.valleedescontes.org\/index.php?rest_route=\/wp\/v2\/users\/1"}],"replies":[{"embeddable":true,"href":"https:\/\/www.valleedescontes.org\/index.php?rest_route=%2Fwp%2Fv2%2Fcomments&post=12"}],"version-history":[{"count":85,"href":"https:\/\/www.valleedescontes.org\/index.php?rest_route=\/wp\/v2\/pages\/12\/revisions"}],"predecessor-version":[{"id":278,"href":"https:\/\/www.valleedescontes.org\/index.php?rest_route=\/wp\/v2\/pages\/12\/revisions\/278"}],"wp:attachment":[{"href":"https:\/\/www.valleedescontes.org\/index.php?rest_route=%2Fwp%2Fv2%2Fmedia&parent=12"}],"curies":[{"name":"wp","href":"https:\/\/api.w.org\/{rel}","templated":true}]}}