{"id":262,"date":"2026-02-16T13:47:22","date_gmt":"2026-02-16T12:47:22","guid":{"rendered":"https:\/\/www.valleedescontes.org\/?page_id=262"},"modified":"2026-02-16T13:49:37","modified_gmt":"2026-02-16T12:49:37","slug":"edition-2026","status":"publish","type":"page","link":"https:\/\/www.valleedescontes.org\/?page_id=262","title":{"rendered":"\u00c9dition 2026\u00a0"},"content":{"rendered":"\t\t<div data-elementor-type=\"wp-page\" data-elementor-id=\"262\" class=\"elementor elementor-262\" data-elementor-post-type=\"page\">\n\t\t\t\t<div class=\"elementor-element elementor-element-2e0d054 e-flex e-con-boxed e-con e-parent\" data-id=\"2e0d054\" data-element_type=\"container\" data-settings=\"{&quot;background_background&quot;:&quot;classic&quot;}\">\n\t\t\t\t\t<div class=\"e-con-inner\">\n\t\t\t\t\t<\/div>\n\t\t\t\t<\/div>\n\t\t<div class=\"elementor-element elementor-element-00a79c5 e-flex e-con-boxed e-con e-parent\" data-id=\"00a79c5\" data-element_type=\"container\">\n\t\t\t\t\t<div class=\"e-con-inner\">\n\t\t\t\t<div class=\"elementor-element elementor-element-3d2caa7 elementor-widget elementor-widget-heading\" data-id=\"3d2caa7\" data-element_type=\"widget\" data-widget_type=\"heading.default\">\n\t\t\t\t<div class=\"elementor-widget-container\">\n\t\t\t\t\t<h1 class=\"elementor-heading-title elementor-size-default\">Concours d'\u00e9criture de contes - Edition 2026<\/h1>\t\t\t\t<\/div>\n\t\t\t\t<\/div>\n\t\t\t\t\t<\/div>\n\t\t\t\t<\/div>\n\t\t<div class=\"elementor-element elementor-element-f4f8cd4 e-flex e-con-boxed e-con e-parent\" data-id=\"f4f8cd4\" data-element_type=\"container\">\n\t\t\t\t\t<div class=\"e-con-inner\">\n\t\t<div class=\"elementor-element elementor-element-ea8a44c e-con-full e-flex e-con e-child\" data-id=\"ea8a44c\" data-element_type=\"container\">\n\t\t\t\t<div class=\"elementor-element elementor-element-3e977b8 elementor-widget elementor-widget-image\" data-id=\"3e977b8\" data-element_type=\"widget\" data-widget_type=\"image.default\">\n\t\t\t\t<div class=\"elementor-widget-container\">\n\t\t\t\t\t\t\t\t\t\t\t\t\t\t\t<img fetchpriority=\"high\" decoding=\"async\" width=\"800\" height=\"566\" src=\"https:\/\/www.valleedescontes.org\/wp-content\/uploads\/2026\/02\/Capture-decran-2026-02-16-a-13.48.18-1024x725.png\" class=\"attachment-large size-large wp-image-264\" alt=\"\" srcset=\"https:\/\/www.valleedescontes.org\/wp-content\/uploads\/2026\/02\/Capture-decran-2026-02-16-a-13.48.18-1024x725.png 1024w, https:\/\/www.valleedescontes.org\/wp-content\/uploads\/2026\/02\/Capture-decran-2026-02-16-a-13.48.18-300x212.png 300w, https:\/\/www.valleedescontes.org\/wp-content\/uploads\/2026\/02\/Capture-decran-2026-02-16-a-13.48.18-768x544.png 768w, https:\/\/www.valleedescontes.org\/wp-content\/uploads\/2026\/02\/Capture-decran-2026-02-16-a-13.48.18-1536x1087.png 1536w, https:\/\/www.valleedescontes.org\/wp-content\/uploads\/2026\/02\/Capture-decran-2026-02-16-a-13.48.18.png 1742w\" sizes=\"(max-width: 800px) 100vw, 800px\" \/>\t\t\t\t\t\t\t\t\t\t\t\t\t\t\t<\/div>\n\t\t\t\t<\/div>\n\t\t\t\t<\/div>\n\t\t<div class=\"elementor-element elementor-element-6c6d9bc e-con-full e-flex e-con e-child\" data-id=\"6c6d9bc\" data-element_type=\"container\">\n\t\t\t\t<div class=\"elementor-element elementor-element-a9fd4b1 elementor-widget elementor-widget-image\" data-id=\"a9fd4b1\" data-element_type=\"widget\" data-widget_type=\"image.default\">\n\t\t\t\t<div class=\"elementor-widget-container\">\n\t\t\t\t\t\t\t\t\t\t\t\t\t\t\t<img decoding=\"async\" width=\"718\" height=\"1024\" src=\"https:\/\/www.valleedescontes.org\/wp-content\/uploads\/2026\/02\/Capture-decran-2026-02-16-a-13.48.32-718x1024.png\" class=\"attachment-large size-large wp-image-265\" alt=\"\" srcset=\"https:\/\/www.valleedescontes.org\/wp-content\/uploads\/2026\/02\/Capture-decran-2026-02-16-a-13.48.32-718x1024.png 718w, https:\/\/www.valleedescontes.org\/wp-content\/uploads\/2026\/02\/Capture-decran-2026-02-16-a-13.48.32-210x300.png 210w, https:\/\/www.valleedescontes.org\/wp-content\/uploads\/2026\/02\/Capture-decran-2026-02-16-a-13.48.32-768x1096.png 768w, https:\/\/www.valleedescontes.org\/wp-content\/uploads\/2026\/02\/Capture-decran-2026-02-16-a-13.48.32.png 864w\" sizes=\"(max-width: 718px) 100vw, 718px\" \/>\t\t\t\t\t\t\t\t\t\t\t\t\t\t\t<\/div>\n\t\t\t\t<\/div>\n\t\t\t\t<\/div>\n\t\t\t\t\t<\/div>\n\t\t\t\t<\/div>\n\t\t<div class=\"elementor-element elementor-element-9796be5 e-flex e-con-boxed e-con e-parent\" data-id=\"9796be5\" data-element_type=\"container\">\n\t\t\t\t\t<div class=\"e-con-inner\">\n\t\t\t\t<div class=\"elementor-element elementor-element-6f4e92d elementor-widget elementor-widget-heading\" data-id=\"6f4e92d\" data-element_type=\"widget\" data-widget_type=\"heading.default\">\n\t\t\t\t<div class=\"elementor-widget-container\">\n\t\t\t\t\t<h3 class=\"elementor-heading-title elementor-size-default\">Reglement du concours &amp; Autorisation parentale<\/h3>\t\t\t\t<\/div>\n\t\t\t\t<\/div>\n\t\t\t\t\t<\/div>\n\t\t\t\t<\/div>\n\t\t<div class=\"elementor-element elementor-element-e203e14 e-flex e-con-boxed e-con e-parent\" data-id=\"e203e14\" data-element_type=\"container\">\n\t\t\t\t\t<div class=\"e-con-inner\">\n\t\t<div class=\"elementor-element elementor-element-b002790 e-con-full e-flex e-con e-child\" data-id=\"b002790\" data-element_type=\"container\">\n\t\t\t\t<\/div>\n\t\t<div class=\"elementor-element elementor-element-435cc18 e-con-full e-flex e-con e-child\" data-id=\"435cc18\" data-element_type=\"container\">\n\t\t\t\t<div class=\"elementor-element elementor-element-0048842 elementor-widget elementor-widget-image\" data-id=\"0048842\" data-element_type=\"widget\" data-widget_type=\"image.default\">\n\t\t\t\t<div class=\"elementor-widget-container\">\n\t\t\t\t\t\t\t\t\t\t\t\t\t\t\t\t<a href=\"https:\/\/www.valleedescontes.org\/wp-content\/uploads\/2025\/03\/CONCOURS-AUTORISATION-PARENTALE-2025.pdf\" target=\"_blank\">\n\t\t\t\t\t\t\t<img decoding=\"async\" width=\"713\" height=\"1024\" src=\"https:\/\/www.valleedescontes.org\/wp-content\/uploads\/2025\/03\/Autorisation_parentale_2025-713x1024.png\" class=\"attachment-large size-large wp-image-104\" alt=\"\" srcset=\"https:\/\/www.valleedescontes.org\/wp-content\/uploads\/2025\/03\/Autorisation_parentale_2025-713x1024.png 713w, https:\/\/www.valleedescontes.org\/wp-content\/uploads\/2025\/03\/Autorisation_parentale_2025-209x300.png 209w, https:\/\/www.valleedescontes.org\/wp-content\/uploads\/2025\/03\/Autorisation_parentale_2025.png 860w\" sizes=\"(max-width: 713px) 100vw, 713px\" \/>\t\t\t\t\t\t\t\t<\/a>\n\t\t\t\t\t\t\t\t\t\t\t\t\t\t\t<\/div>\n\t\t\t\t<\/div>\n\t\t\t\t<\/div>\n\t\t\t\t\t<\/div>\n\t\t\t\t<\/div>\n\t\t\t\t<\/div>\n\t\t","protected":false},"excerpt":{"rendered":"<p>Concours d&rsquo;\u00e9criture de contes &#8211; Edition 2026 Reglement du concours &amp; Autorisation parentale<\/p>\n","protected":false},"author":1,"featured_media":0,"parent":0,"menu_order":0,"comment_status":"closed","ping_status":"closed","template":"elementor_header_footer","meta":{"footnotes":""},"class_list":["post-262","page","type-page","status-publish","hentry"],"yoast_head":"<!-- This site is optimized with the Yoast SEO plugin v24.6 - https:\/\/yoast.com\/wordpress\/plugins\/seo\/ -->\n<title>\u00c9dition 2026\u00a0 - La Vall\u00e9e des contes<\/title>\n<meta name=\"robots\" content=\"index, follow, max-snippet:-1, max-image-preview:large, max-video-preview:-1\" \/>\n<link rel=\"canonical\" href=\"https:\/\/www.valleedescontes.org\/?page_id=262\" \/>\n<meta property=\"og:locale\" content=\"fr_FR\" \/>\n<meta property=\"og:type\" content=\"article\" \/>\n<meta property=\"og:title\" content=\"\u00c9dition 2026\u00a0 - La Vall\u00e9e des contes\" \/>\n<meta property=\"og:description\" content=\"Concours d&rsquo;\u00e9criture de contes &#8211; Edition 2026 Reglement du concours &amp; Autorisation parentale\" \/>\n<meta property=\"og:url\" content=\"https:\/\/www.valleedescontes.org\/?page_id=262\" \/>\n<meta property=\"og:site_name\" content=\"La Vall\u00e9e des contes\" \/>\n<meta property=\"article:publisher\" content=\"https:\/\/www.facebook.com\/valleedescontes\/\" \/>\n<meta property=\"article:modified_time\" content=\"2026-02-16T12:49:37+00:00\" \/>\n<meta property=\"og:image\" content=\"https:\/\/www.valleedescontes.org\/wp-content\/uploads\/2026\/02\/Capture-decran-2026-02-16-a-13.48.18.png\" \/>\n\t<meta property=\"og:image:width\" content=\"1742\" \/>\n\t<meta property=\"og:image:height\" content=\"1233\" \/>\n\t<meta property=\"og:image:type\" content=\"image\/png\" \/>\n<meta name=\"twitter:card\" content=\"summary_large_image\" \/>\n<meta name=\"twitter:label1\" content=\"Dur\u00e9e de lecture estim\u00e9e\" \/>\n\t<meta name=\"twitter:data1\" content=\"1 minute\" \/>\n<script type=\"application\/ld+json\" class=\"yoast-schema-graph\">{\"@context\":\"https:\/\/schema.org\",\"@graph\":[{\"@type\":\"WebPage\",\"@id\":\"https:\/\/www.valleedescontes.org\/?page_id=262\",\"url\":\"https:\/\/www.valleedescontes.org\/?page_id=262\",\"name\":\"\u00c9dition 2026\u00a0 - La Vall\u00e9e des contes\",\"isPartOf\":{\"@id\":\"https:\/\/www.valleedescontes.org\/#website\"},\"primaryImageOfPage\":{\"@id\":\"https:\/\/www.valleedescontes.org\/?page_id=262#primaryimage\"},\"image\":{\"@id\":\"https:\/\/www.valleedescontes.org\/?page_id=262#primaryimage\"},\"thumbnailUrl\":\"https:\/\/www.valleedescontes.org\/wp-content\/uploads\/2026\/02\/Capture-decran-2026-02-16-a-13.48.18-1024x725.png\",\"datePublished\":\"2026-02-16T12:47:22+00:00\",\"dateModified\":\"2026-02-16T12:49:37+00:00\",\"breadcrumb\":{\"@id\":\"https:\/\/www.valleedescontes.org\/?page_id=262#breadcrumb\"},\"inLanguage\":\"fr-FR\",\"potentialAction\":[{\"@type\":\"ReadAction\",\"target\":[\"https:\/\/www.valleedescontes.org\/?page_id=262\"]}]},{\"@type\":\"ImageObject\",\"inLanguage\":\"fr-FR\",\"@id\":\"https:\/\/www.valleedescontes.org\/?page_id=262#primaryimage\",\"url\":\"https:\/\/www.valleedescontes.org\/wp-content\/uploads\/2026\/02\/Capture-decran-2026-02-16-a-13.48.18.png\",\"contentUrl\":\"https:\/\/www.valleedescontes.org\/wp-content\/uploads\/2026\/02\/Capture-decran-2026-02-16-a-13.48.18.png\",\"width\":1742,\"height\":1233},{\"@type\":\"BreadcrumbList\",\"@id\":\"https:\/\/www.valleedescontes.org\/?page_id=262#breadcrumb\",\"itemListElement\":[{\"@type\":\"ListItem\",\"position\":1,\"name\":\"Accueil\",\"item\":\"https:\/\/www.valleedescontes.org\/\"},{\"@type\":\"ListItem\",\"position\":2,\"name\":\"\u00c9dition 2026\u00a0\"}]},{\"@type\":\"WebSite\",\"@id\":\"https:\/\/www.valleedescontes.org\/#website\",\"url\":\"https:\/\/www.valleedescontes.org\/\",\"name\":\"La Vall\u00e9e des contes - vall\u00e9e de Munster\",\"description\":\"La Vall\u00e9e des contes - Vall\u00e9e de Munster\",\"publisher\":{\"@id\":\"https:\/\/www.valleedescontes.org\/#organization\"},\"potentialAction\":[{\"@type\":\"SearchAction\",\"target\":{\"@type\":\"EntryPoint\",\"urlTemplate\":\"https:\/\/www.valleedescontes.org\/?s={search_term_string}\"},\"query-input\":{\"@type\":\"PropertyValueSpecification\",\"valueRequired\":true,\"valueName\":\"search_term_string\"}}],\"inLanguage\":\"fr-FR\"},{\"@type\":\"Organization\",\"@id\":\"https:\/\/www.valleedescontes.org\/#organization\",\"name\":\"Vallee des contes\",\"url\":\"https:\/\/www.valleedescontes.org\/\",\"logo\":{\"@type\":\"ImageObject\",\"inLanguage\":\"fr-FR\",\"@id\":\"https:\/\/www.valleedescontes.org\/#\/schema\/logo\/image\/\",\"url\":\"https:\/\/www.valleedescontes.org\/wp-content\/uploads\/2025\/03\/Logo_vallee_des_contes.png\",\"contentUrl\":\"https:\/\/www.valleedescontes.org\/wp-content\/uploads\/2025\/03\/Logo_vallee_des_contes.png\",\"width\":800,\"height\":100,\"caption\":\"Vallee des contes\"},\"image\":{\"@id\":\"https:\/\/www.valleedescontes.org\/#\/schema\/logo\/image\/\"},\"sameAs\":[\"https:\/\/www.facebook.com\/valleedescontes\/\"]}]}<\/script>\n<!-- \/ Yoast SEO plugin. -->","yoast_head_json":{"title":"\u00c9dition 2026\u00a0 - La Vall\u00e9e des contes","robots":{"index":"index","follow":"follow","max-snippet":"max-snippet:-1","max-image-preview":"max-image-preview:large","max-video-preview":"max-video-preview:-1"},"canonical":"https:\/\/www.valleedescontes.org\/?page_id=262","og_locale":"fr_FR","og_type":"article","og_title":"\u00c9dition 2026\u00a0 - La Vall\u00e9e des contes","og_description":"Concours d&rsquo;\u00e9criture de contes &#8211; Edition 2026 Reglement du concours &amp; Autorisation parentale","og_url":"https:\/\/www.valleedescontes.org\/?page_id=262","og_site_name":"La Vall\u00e9e des contes","article_publisher":"https:\/\/www.facebook.com\/valleedescontes\/","article_modified_time":"2026-02-16T12:49:37+00:00","og_image":[{"width":1742,"height":1233,"url":"https:\/\/www.valleedescontes.org\/wp-content\/uploads\/2026\/02\/Capture-decran-2026-02-16-a-13.48.18.png","type":"image\/png"}],"twitter_card":"summary_large_image","twitter_misc":{"Dur\u00e9e de lecture estim\u00e9e":"1 minute"},"schema":{"@context":"https:\/\/schema.org","@graph":[{"@type":"WebPage","@id":"https:\/\/www.valleedescontes.org\/?page_id=262","url":"https:\/\/www.valleedescontes.org\/?page_id=262","name":"\u00c9dition 2026\u00a0 - La Vall\u00e9e des contes","isPartOf":{"@id":"https:\/\/www.valleedescontes.org\/#website"},"primaryImageOfPage":{"@id":"https:\/\/www.valleedescontes.org\/?page_id=262#primaryimage"},"image":{"@id":"https:\/\/www.valleedescontes.org\/?page_id=262#primaryimage"},"thumbnailUrl":"https:\/\/www.valleedescontes.org\/wp-content\/uploads\/2026\/02\/Capture-decran-2026-02-16-a-13.48.18-1024x725.png","datePublished":"2026-02-16T12:47:22+00:00","dateModified":"2026-02-16T12:49:37+00:00","breadcrumb":{"@id":"https:\/\/www.valleedescontes.org\/?page_id=262#breadcrumb"},"inLanguage":"fr-FR","potentialAction":[{"@type":"ReadAction","target":["https:\/\/www.valleedescontes.org\/?page_id=262"]}]},{"@type":"ImageObject","inLanguage":"fr-FR","@id":"https:\/\/www.valleedescontes.org\/?page_id=262#primaryimage","url":"https:\/\/www.valleedescontes.org\/wp-content\/uploads\/2026\/02\/Capture-decran-2026-02-16-a-13.48.18.png","contentUrl":"https:\/\/www.valleedescontes.org\/wp-content\/uploads\/2026\/02\/Capture-decran-2026-02-16-a-13.48.18.png","width":1742,"height":1233},{"@type":"BreadcrumbList","@id":"https:\/\/www.valleedescontes.org\/?page_id=262#breadcrumb","itemListElement":[{"@type":"ListItem","position":1,"name":"Accueil","item":"https:\/\/www.valleedescontes.org\/"},{"@type":"ListItem","position":2,"name":"\u00c9dition 2026\u00a0"}]},{"@type":"WebSite","@id":"https:\/\/www.valleedescontes.org\/#website","url":"https:\/\/www.valleedescontes.org\/","name":"La Vall\u00e9e des contes - vall\u00e9e de Munster","description":"La Vall\u00e9e des contes - Vall\u00e9e de Munster","publisher":{"@id":"https:\/\/www.valleedescontes.org\/#organization"},"potentialAction":[{"@type":"SearchAction","target":{"@type":"EntryPoint","urlTemplate":"https:\/\/www.valleedescontes.org\/?s={search_term_string}"},"query-input":{"@type":"PropertyValueSpecification","valueRequired":true,"valueName":"search_term_string"}}],"inLanguage":"fr-FR"},{"@type":"Organization","@id":"https:\/\/www.valleedescontes.org\/#organization","name":"Vallee des contes","url":"https:\/\/www.valleedescontes.org\/","logo":{"@type":"ImageObject","inLanguage":"fr-FR","@id":"https:\/\/www.valleedescontes.org\/#\/schema\/logo\/image\/","url":"https:\/\/www.valleedescontes.org\/wp-content\/uploads\/2025\/03\/Logo_vallee_des_contes.png","contentUrl":"https:\/\/www.valleedescontes.org\/wp-content\/uploads\/2025\/03\/Logo_vallee_des_contes.png","width":800,"height":100,"caption":"Vallee des contes"},"image":{"@id":"https:\/\/www.valleedescontes.org\/#\/schema\/logo\/image\/"},"sameAs":["https:\/\/www.facebook.com\/valleedescontes\/"]}]}},"_links":{"self":[{"href":"https:\/\/www.valleedescontes.org\/index.php?rest_route=\/wp\/v2\/pages\/262","targetHints":{"allow":["GET"]}}],"collection":[{"href":"https:\/\/www.valleedescontes.org\/index.php?rest_route=\/wp\/v2\/pages"}],"about":[{"href":"https:\/\/www.valleedescontes.org\/index.php?rest_route=\/wp\/v2\/types\/page"}],"author":[{"embeddable":true,"href":"https:\/\/www.valleedescontes.org\/index.php?rest_route=\/wp\/v2\/users\/1"}],"replies":[{"embeddable":true,"href":"https:\/\/www.valleedescontes.org\/index.php?rest_route=%2Fwp%2Fv2%2Fcomments&post=262"}],"version-history":[{"count":10,"href":"https:\/\/www.valleedescontes.org\/index.php?rest_route=\/wp\/v2\/pages\/262\/revisions"}],"predecessor-version":[{"id":274,"href":"https:\/\/www.valleedescontes.org\/index.php?rest_route=\/wp\/v2\/pages\/262\/revisions\/274"}],"wp:attachment":[{"href":"https:\/\/www.valleedescontes.org\/index.php?rest_route=%2Fwp%2Fv2%2Fmedia&parent=262"}],"curies":[{"name":"wp","href":"https:\/\/api.w.org\/{rel}","templated":true}]}}