{"id":27,"date":"2025-03-11T18:46:54","date_gmt":"2025-03-11T17:46:54","guid":{"rendered":"https:\/\/www.valleedescontes.org\/?page_id=27"},"modified":"2026-02-16T13:46:40","modified_gmt":"2026-02-16T12:46:40","slug":"editions_precedentes_vallee_des_contes","status":"publish","type":"page","link":"https:\/\/www.valleedescontes.org\/?page_id=27","title":{"rendered":"\u00c9ditions pr\u00e9c\u00e9dentes"},"content":{"rendered":"\t\t<div data-elementor-type=\"wp-page\" data-elementor-id=\"27\" class=\"elementor elementor-27\" data-elementor-post-type=\"page\">\n\t\t\t\t<div class=\"elementor-element elementor-element-ef13021 e-flex e-con-boxed e-con e-parent\" data-id=\"ef13021\" data-element_type=\"container\" data-settings=\"{&quot;background_background&quot;:&quot;classic&quot;}\">\n\t\t\t\t\t<div class=\"e-con-inner\">\n\t\t\t\t\t<\/div>\n\t\t\t\t<\/div>\n\t\t<div class=\"elementor-element elementor-element-18ac9ce e-flex e-con-boxed e-con e-parent\" data-id=\"18ac9ce\" data-element_type=\"container\">\n\t\t\t\t\t<div class=\"e-con-inner\">\n\t\t\t\t<div class=\"elementor-element elementor-element-f99050c elementor-widget elementor-widget-heading\" data-id=\"f99050c\" data-element_type=\"widget\" data-widget_type=\"heading.default\">\n\t\t\t\t<div class=\"elementor-widget-container\">\n\t\t\t\t\t<h1 class=\"elementor-heading-title elementor-size-default\">Editions du Festival de LA VALLEE DES CONTES<\/h1>\t\t\t\t<\/div>\n\t\t\t\t<\/div>\n\t\t\t\t\t<\/div>\n\t\t\t\t<\/div>\n\t\t<div class=\"elementor-element elementor-element-baa9e14 e-flex e-con-boxed e-con e-parent\" data-id=\"baa9e14\" data-element_type=\"container\">\n\t\t\t\t\t<div class=\"e-con-inner\">\n\t\t<div class=\"elementor-element elementor-element-4906cd4 e-con-full e-flex e-con e-child\" data-id=\"4906cd4\" data-element_type=\"container\">\n\t\t\t\t<div class=\"elementor-element elementor-element-da31455 elementor-widget elementor-widget-image\" data-id=\"da31455\" data-element_type=\"widget\" data-widget_type=\"image.default\">\n\t\t\t\t<div class=\"elementor-widget-container\">\n\t\t\t\t\t\t\t\t\t\t\t\t\t\t\t\t<a href=\"https:\/\/www.valleedescontes.org\/wp-content\/uploads\/2025\/03\/VDC-brochure-2024-xxs.pdf\" target=\"_blank\">\n\t\t\t\t\t\t\t<img fetchpriority=\"high\" decoding=\"async\" width=\"487\" height=\"1024\" src=\"https:\/\/www.valleedescontes.org\/wp-content\/uploads\/2025\/03\/Flyer_2024-487x1024.png\" class=\"attachment-large size-large wp-image-113\" alt=\"\" srcset=\"https:\/\/www.valleedescontes.org\/wp-content\/uploads\/2025\/03\/Flyer_2024-487x1024.png 487w, https:\/\/www.valleedescontes.org\/wp-content\/uploads\/2025\/03\/Flyer_2024-143x300.png 143w, https:\/\/www.valleedescontes.org\/wp-content\/uploads\/2025\/03\/Flyer_2024.png 589w\" sizes=\"(max-width: 487px) 100vw, 487px\" \/>\t\t\t\t\t\t\t\t<\/a>\n\t\t\t\t\t\t\t\t\t\t\t\t\t\t\t<\/div>\n\t\t\t\t<\/div>\n\t\t\t\t<\/div>\n\t\t<div class=\"elementor-element elementor-element-0446d7e e-con-full e-flex e-con e-child\" data-id=\"0446d7e\" data-element_type=\"container\">\n\t\t\t\t<div class=\"elementor-element elementor-element-db9fc70 elementor-widget elementor-widget-image\" data-id=\"db9fc70\" data-element_type=\"widget\" data-widget_type=\"image.default\">\n\t\t\t\t<div class=\"elementor-widget-container\">\n\t\t\t\t\t\t\t\t\t\t\t\t\t\t\t<img decoding=\"async\" width=\"692\" height=\"902\" src=\"https:\/\/www.valleedescontes.org\/wp-content\/uploads\/2025\/03\/Flyer_2023.png\" class=\"attachment-large size-large wp-image-121\" alt=\"\" srcset=\"https:\/\/www.valleedescontes.org\/wp-content\/uploads\/2025\/03\/Flyer_2023.png 692w, https:\/\/www.valleedescontes.org\/wp-content\/uploads\/2025\/03\/Flyer_2023-230x300.png 230w\" sizes=\"(max-width: 692px) 100vw, 692px\" \/>\t\t\t\t\t\t\t\t\t\t\t\t\t\t\t<\/div>\n\t\t\t\t<\/div>\n\t\t\t\t<\/div>\n\t\t<div class=\"elementor-element elementor-element-b56bcf3 e-con-full e-flex e-con e-child\" data-id=\"b56bcf3\" data-element_type=\"container\">\n\t\t\t\t<div class=\"elementor-element elementor-element-ecef06a elementor-widget elementor-widget-image\" data-id=\"ecef06a\" data-element_type=\"widget\" data-widget_type=\"image.default\">\n\t\t\t\t<div class=\"elementor-widget-container\">\n\t\t\t\t\t\t\t\t\t\t\t\t\t\t\t\t<a href=\"https:\/\/www.valleedescontes.org\/wp-content\/uploads\/2025\/03\/VDC-brochure-2022-v3-xs.pdf\" target=\"_blank\">\n\t\t\t\t\t\t\t<img decoding=\"async\" width=\"433\" height=\"910\" src=\"https:\/\/www.valleedescontes.org\/wp-content\/uploads\/2025\/03\/Flyer_2022.png\" class=\"attachment-large size-large wp-image-114\" alt=\"\" srcset=\"https:\/\/www.valleedescontes.org\/wp-content\/uploads\/2025\/03\/Flyer_2022.png 433w, https:\/\/www.valleedescontes.org\/wp-content\/uploads\/2025\/03\/Flyer_2022-143x300.png 143w\" sizes=\"(max-width: 433px) 100vw, 433px\" \/>\t\t\t\t\t\t\t\t<\/a>\n\t\t\t\t\t\t\t\t\t\t\t\t\t\t\t<\/div>\n\t\t\t\t<\/div>\n\t\t\t\t<\/div>\n\t\t<div class=\"elementor-element elementor-element-b837be9 e-con-full e-flex e-con e-child\" data-id=\"b837be9\" data-element_type=\"container\">\n\t\t\t\t<div class=\"elementor-element elementor-element-c213ede elementor-widget elementor-widget-image\" data-id=\"c213ede\" data-element_type=\"widget\" data-widget_type=\"image.default\">\n\t\t\t\t<div class=\"elementor-widget-container\">\n\t\t\t\t\t\t\t\t\t\t\t\t\t\t\t<img loading=\"lazy\" decoding=\"async\" width=\"486\" height=\"1024\" src=\"https:\/\/www.valleedescontes.org\/wp-content\/uploads\/2025\/03\/Flyer_2021-486x1024.png\" class=\"attachment-large size-large wp-image-112\" alt=\"\" srcset=\"https:\/\/www.valleedescontes.org\/wp-content\/uploads\/2025\/03\/Flyer_2021-486x1024.png 486w, https:\/\/www.valleedescontes.org\/wp-content\/uploads\/2025\/03\/Flyer_2021-142x300.png 142w, https:\/\/www.valleedescontes.org\/wp-content\/uploads\/2025\/03\/Flyer_2021.png 549w\" sizes=\"(max-width: 486px) 100vw, 486px\" \/>\t\t\t\t\t\t\t\t\t\t\t\t\t\t\t<\/div>\n\t\t\t\t<\/div>\n\t\t\t\t<\/div>\n\t\t\t\t\t<\/div>\n\t\t\t\t<\/div>\n\t\t<div class=\"elementor-element elementor-element-acace5b e-flex e-con-boxed e-con e-parent\" data-id=\"acace5b\" data-element_type=\"container\">\n\t\t\t\t\t<div class=\"e-con-inner\">\n\t\t<div class=\"elementor-element elementor-element-bb9be8c e-con-full e-flex e-con e-child\" data-id=\"bb9be8c\" data-element_type=\"container\">\n\t\t\t\t<div class=\"elementor-element elementor-element-cbda173 elementor-widget elementor-widget-image\" data-id=\"cbda173\" data-element_type=\"widget\" data-widget_type=\"image.default\">\n\t\t\t\t<div class=\"elementor-widget-container\">\n\t\t\t\t\t\t\t\t\t\t\t\t\t\t\t<img loading=\"lazy\" decoding=\"async\" width=\"451\" height=\"959\" src=\"https:\/\/www.valleedescontes.org\/wp-content\/uploads\/2025\/03\/Flyer-2020.png\" class=\"attachment-large size-large wp-image-120\" alt=\"\" srcset=\"https:\/\/www.valleedescontes.org\/wp-content\/uploads\/2025\/03\/Flyer-2020.png 451w, https:\/\/www.valleedescontes.org\/wp-content\/uploads\/2025\/03\/Flyer-2020-141x300.png 141w\" sizes=\"(max-width: 451px) 100vw, 451px\" \/>\t\t\t\t\t\t\t\t\t\t\t\t\t\t\t<\/div>\n\t\t\t\t<\/div>\n\t\t\t\t<\/div>\n\t\t<div class=\"elementor-element elementor-element-e921de2 e-con-full e-flex e-con e-child\" data-id=\"e921de2\" data-element_type=\"container\">\n\t\t\t\t<div class=\"elementor-element elementor-element-dfc026c elementor-widget elementor-widget-image\" data-id=\"dfc026c\" data-element_type=\"widget\" data-widget_type=\"image.default\">\n\t\t\t\t<div class=\"elementor-widget-container\">\n\t\t\t\t\t\t\t\t\t\t\t\t\t\t\t<img loading=\"lazy\" decoding=\"async\" width=\"479\" height=\"1016\" src=\"https:\/\/www.valleedescontes.org\/wp-content\/uploads\/2025\/03\/Flyer_2019.png\" class=\"attachment-large size-large wp-image-119\" alt=\"\" srcset=\"https:\/\/www.valleedescontes.org\/wp-content\/uploads\/2025\/03\/Flyer_2019.png 479w, https:\/\/www.valleedescontes.org\/wp-content\/uploads\/2025\/03\/Flyer_2019-141x300.png 141w\" sizes=\"(max-width: 479px) 100vw, 479px\" \/>\t\t\t\t\t\t\t\t\t\t\t\t\t\t\t<\/div>\n\t\t\t\t<\/div>\n\t\t\t\t<\/div>\n\t\t<div class=\"elementor-element elementor-element-242b631 e-con-full e-flex e-con e-child\" data-id=\"242b631\" data-element_type=\"container\">\n\t\t\t\t<div class=\"elementor-element elementor-element-8bc79cc elementor-widget elementor-widget-image\" data-id=\"8bc79cc\" data-element_type=\"widget\" data-widget_type=\"image.default\">\n\t\t\t\t<div class=\"elementor-widget-container\">\n\t\t\t\t\t\t\t\t\t\t\t\t\t\t\t<img loading=\"lazy\" decoding=\"async\" width=\"465\" height=\"992\" src=\"https:\/\/www.valleedescontes.org\/wp-content\/uploads\/2025\/03\/Flyer_2018.png\" class=\"attachment-large size-large wp-image-118\" alt=\"\" srcset=\"https:\/\/www.valleedescontes.org\/wp-content\/uploads\/2025\/03\/Flyer_2018.png 465w, https:\/\/www.valleedescontes.org\/wp-content\/uploads\/2025\/03\/Flyer_2018-141x300.png 141w\" sizes=\"(max-width: 465px) 100vw, 465px\" \/>\t\t\t\t\t\t\t\t\t\t\t\t\t\t\t<\/div>\n\t\t\t\t<\/div>\n\t\t\t\t<\/div>\n\t\t<div class=\"elementor-element elementor-element-c3f8c3e e-con-full e-flex e-con e-child\" data-id=\"c3f8c3e\" data-element_type=\"container\">\n\t\t\t\t<div class=\"elementor-element elementor-element-3263d9c elementor-widget elementor-widget-image\" data-id=\"3263d9c\" data-element_type=\"widget\" data-widget_type=\"image.default\">\n\t\t\t\t<div class=\"elementor-widget-container\">\n\t\t\t\t\t\t\t\t\t\t\t\t\t\t\t<img loading=\"lazy\" decoding=\"async\" width=\"407\" height=\"870\" src=\"https:\/\/www.valleedescontes.org\/wp-content\/uploads\/2025\/03\/Flyer_2017.png\" class=\"attachment-large size-large wp-image-116\" alt=\"\" srcset=\"https:\/\/www.valleedescontes.org\/wp-content\/uploads\/2025\/03\/Flyer_2017.png 407w, https:\/\/www.valleedescontes.org\/wp-content\/uploads\/2025\/03\/Flyer_2017-140x300.png 140w\" sizes=\"(max-width: 407px) 100vw, 407px\" \/>\t\t\t\t\t\t\t\t\t\t\t\t\t\t\t<\/div>\n\t\t\t\t<\/div>\n\t\t\t\t<\/div>\n\t\t\t\t\t<\/div>\n\t\t\t\t<\/div>\n\t\t<div class=\"elementor-element elementor-element-71340f7 e-flex e-con-boxed e-con e-parent\" data-id=\"71340f7\" data-element_type=\"container\">\n\t\t\t\t\t<div class=\"e-con-inner\">\n\t\t<div class=\"elementor-element elementor-element-22e0e5f e-con-full e-flex e-con e-child\" data-id=\"22e0e5f\" data-element_type=\"container\">\n\t\t\t\t<\/div>\n\t\t<div class=\"elementor-element elementor-element-7046513 e-con-full e-flex e-con e-child\" data-id=\"7046513\" data-element_type=\"container\">\n\t\t\t\t<\/div>\n\t\t<div class=\"elementor-element elementor-element-327ccd3 e-con-full e-flex e-con e-child\" data-id=\"327ccd3\" data-element_type=\"container\">\n\t\t\t\t<\/div>\n\t\t<div class=\"elementor-element elementor-element-93c6505 e-con-full e-flex e-con e-child\" data-id=\"93c6505\" data-element_type=\"container\">\n\t\t\t\t<div class=\"elementor-element elementor-element-981cb90 elementor-widget elementor-widget-image\" data-id=\"981cb90\" data-element_type=\"widget\" data-widget_type=\"image.default\">\n\t\t\t\t<div class=\"elementor-widget-container\">\n\t\t\t\t\t\t\t\t\t\t\t\t\t\t\t<img loading=\"lazy\" decoding=\"async\" width=\"485\" height=\"1017\" src=\"https:\/\/www.valleedescontes.org\/wp-content\/uploads\/2025\/03\/Flyer_2016.png\" class=\"attachment-large size-large wp-image-117\" alt=\"\" srcset=\"https:\/\/www.valleedescontes.org\/wp-content\/uploads\/2025\/03\/Flyer_2016.png 485w, https:\/\/www.valleedescontes.org\/wp-content\/uploads\/2025\/03\/Flyer_2016-143x300.png 143w\" sizes=\"(max-width: 485px) 100vw, 485px\" \/>\t\t\t\t\t\t\t\t\t\t\t\t\t\t\t<\/div>\n\t\t\t\t<\/div>\n\t\t\t\t<\/div>\n\t\t\t\t\t<\/div>\n\t\t\t\t<\/div>\n\t\t<div class=\"elementor-element elementor-element-7afc0bf e-flex e-con-boxed e-con e-parent\" data-id=\"7afc0bf\" data-element_type=\"container\">\n\t\t\t\t\t<div class=\"e-con-inner\">\n\t\t\t\t\t<\/div>\n\t\t\t\t<\/div>\n\t\t<div class=\"elementor-element elementor-element-11ac962 e-flex e-con-boxed e-con e-parent\" data-id=\"11ac962\" data-element_type=\"container\">\n\t\t\t\t\t<div class=\"e-con-inner\">\n\t\t\t\t<div class=\"elementor-element elementor-element-9478ecd elementor-widget elementor-widget-heading\" data-id=\"9478ecd\" data-element_type=\"widget\" data-widget_type=\"heading.default\">\n\t\t\t\t<div class=\"elementor-widget-container\">\n\t\t\t\t\t<h2 class=\"elementor-heading-title elementor-size-default\">R\u00e9sultats des concours d'ecriture<\/h2>\t\t\t\t<\/div>\n\t\t\t\t<\/div>\n\t\t\t\t\t<\/div>\n\t\t\t\t<\/div>\n\t\t<div class=\"elementor-element elementor-element-658221f e-flex e-con-boxed e-con e-parent\" data-id=\"658221f\" data-element_type=\"container\">\n\t\t\t\t\t<div class=\"e-con-inner\">\n\t\t<div class=\"elementor-element elementor-element-e47fbdb e-con-full e-flex e-con e-child\" data-id=\"e47fbdb\" data-element_type=\"container\">\n\t\t\t\t<div class=\"elementor-element elementor-element-4173ca8 elementor-button-warning elementor-align-center elementor-widget elementor-widget-button\" data-id=\"4173ca8\" data-element_type=\"widget\" data-widget_type=\"button.default\">\n\t\t\t\t<div class=\"elementor-widget-container\">\n\t\t\t\t\t\t\t\t\t<div class=\"elementor-button-wrapper\">\n\t\t\t\t\t<a class=\"elementor-button elementor-button-link elementor-size-sm\" href=\"https:\/\/www.valleedescontes.org\/?page_id=25\">\n\t\t\t\t\t\t<span class=\"elementor-button-content-wrapper\">\n\t\t\t\t\t\t\t\t\t<span class=\"elementor-button-text\">Concours 2025<\/span>\n\t\t\t\t\t<\/span>\n\t\t\t\t\t<\/a>\n\t\t\t\t<\/div>\n\t\t\t\t\t\t\t\t<\/div>\n\t\t\t\t<\/div>\n\t\t\t\t<\/div>\n\t\t<div class=\"elementor-element elementor-element-1db6ad3 e-con-full e-flex e-con e-child\" data-id=\"1db6ad3\" data-element_type=\"container\">\n\t\t\t\t<\/div>\n\t\t<div class=\"elementor-element elementor-element-8567b1a e-con-full e-flex e-con e-child\" data-id=\"8567b1a\" data-element_type=\"container\">\n\t\t\t\t<div class=\"elementor-element elementor-element-cb8a30c elementor-widget elementor-widget-image\" data-id=\"cb8a30c\" data-element_type=\"widget\" data-widget_type=\"image.default\">\n\t\t\t\t<div class=\"elementor-widget-container\">\n\t\t\t\t\t\t\t\t\t\t\t\t\t\t\t\t<a href=\"https:\/\/www.valleedescontes.org\/wp-content\/uploads\/2025\/03\/Resultats_2022.png\" data-elementor-open-lightbox=\"yes\" data-elementor-lightbox-title=\"Resultats_2022\" data-e-action-hash=\"#elementor-action%3Aaction%3Dlightbox%26settings%3DeyJpZCI6MTE1LCJ1cmwiOiJodHRwczpcL1wvd3d3LnZhbGxlZWRlc2NvbnRlcy5vcmdcL3dwLWNvbnRlbnRcL3VwbG9hZHNcLzIwMjVcLzAzXC9SZXN1bHRhdHNfMjAyMi5wbmcifQ%3D%3D\">\n\t\t\t\t\t\t\t<img loading=\"lazy\" decoding=\"async\" width=\"800\" height=\"563\" src=\"https:\/\/www.valleedescontes.org\/wp-content\/uploads\/2025\/03\/Resultats_2022.png\" class=\"attachment-large size-large wp-image-115\" alt=\"\" srcset=\"https:\/\/www.valleedescontes.org\/wp-content\/uploads\/2025\/03\/Resultats_2022.png 956w, https:\/\/www.valleedescontes.org\/wp-content\/uploads\/2025\/03\/Resultats_2022-300x211.png 300w, https:\/\/www.valleedescontes.org\/wp-content\/uploads\/2025\/03\/Resultats_2022-768x541.png 768w\" sizes=\"(max-width: 800px) 100vw, 800px\" \/>\t\t\t\t\t\t\t\t<\/a>\n\t\t\t\t\t\t\t\t\t\t\t\t\t\t\t<\/div>\n\t\t\t\t<\/div>\n\t\t\t\t<div class=\"elementor-element elementor-element-47c8408 elementor-widget elementor-widget-heading\" data-id=\"47c8408\" data-element_type=\"widget\" data-widget_type=\"heading.default\">\n\t\t\t\t<div class=\"elementor-widget-container\">\n\t\t\t\t\t<h4 class=\"elementor-heading-title elementor-size-default\">2022<\/h4>\t\t\t\t<\/div>\n\t\t\t\t<\/div>\n\t\t\t\t<\/div>\n\t\t\t\t\t<\/div>\n\t\t\t\t<\/div>\n\t\t\t\t<\/div>\n\t\t","protected":false},"excerpt":{"rendered":"<p>Editions du Festival de LA VALLEE DES CONTES R\u00e9sultats des concours d&rsquo;ecriture Concours 2025 2022<\/p>\n","protected":false},"author":1,"featured_media":0,"parent":0,"menu_order":0,"comment_status":"closed","ping_status":"closed","template":"elementor_header_footer","meta":{"footnotes":""},"class_list":["post-27","page","type-page","status-publish","hentry"],"yoast_head":"<!-- This site is optimized with the Yoast SEO plugin v24.6 - https:\/\/yoast.com\/wordpress\/plugins\/seo\/ -->\n<title>\u00c9ditions pr\u00e9c\u00e9dentes - La Vall\u00e9e des contes<\/title>\n<meta name=\"description\" content=\"Retrouvez ici les editions pr\u00e9c\u00e9dentes de la Vall\u00e9e des contes\" \/>\n<meta name=\"robots\" content=\"index, follow, max-snippet:-1, max-image-preview:large, max-video-preview:-1\" \/>\n<link rel=\"canonical\" href=\"https:\/\/www.valleedescontes.org\/?page_id=27\" \/>\n<meta property=\"og:locale\" content=\"fr_FR\" \/>\n<meta property=\"og:type\" content=\"article\" \/>\n<meta property=\"og:title\" content=\"\u00c9ditions pr\u00e9c\u00e9dentes - La Vall\u00e9e des contes\" \/>\n<meta property=\"og:description\" content=\"Retrouvez ici les editions pr\u00e9c\u00e9dentes de la Vall\u00e9e des contes\" \/>\n<meta property=\"og:url\" content=\"https:\/\/www.valleedescontes.org\/?page_id=27\" \/>\n<meta property=\"og:site_name\" content=\"La Vall\u00e9e des contes\" \/>\n<meta property=\"article:publisher\" content=\"https:\/\/www.facebook.com\/valleedescontes\/\" \/>\n<meta property=\"article:modified_time\" content=\"2026-02-16T12:46:40+00:00\" \/>\n<meta property=\"og:image\" content=\"https:\/\/www.valleedescontes.org\/wp-content\/uploads\/2025\/03\/Flyer_2024.png\" \/>\n\t<meta property=\"og:image:width\" content=\"589\" \/>\n\t<meta property=\"og:image:height\" content=\"1238\" \/>\n\t<meta property=\"og:image:type\" content=\"image\/png\" \/>\n<meta name=\"twitter:card\" content=\"summary_large_image\" \/>\n<meta name=\"twitter:label1\" content=\"Dur\u00e9e de lecture estim\u00e9e\" \/>\n\t<meta name=\"twitter:data1\" content=\"3 minutes\" \/>\n<script type=\"application\/ld+json\" class=\"yoast-schema-graph\">{\"@context\":\"https:\/\/schema.org\",\"@graph\":[{\"@type\":\"WebPage\",\"@id\":\"https:\/\/www.valleedescontes.org\/?page_id=27\",\"url\":\"https:\/\/www.valleedescontes.org\/?page_id=27\",\"name\":\"\u00c9ditions pr\u00e9c\u00e9dentes - La Vall\u00e9e des contes\",\"isPartOf\":{\"@id\":\"https:\/\/www.valleedescontes.org\/#website\"},\"primaryImageOfPage\":{\"@id\":\"https:\/\/www.valleedescontes.org\/?page_id=27#primaryimage\"},\"image\":{\"@id\":\"https:\/\/www.valleedescontes.org\/?page_id=27#primaryimage\"},\"thumbnailUrl\":\"https:\/\/www.valleedescontes.org\/wp-content\/uploads\/2025\/03\/Flyer_2024-487x1024.png\",\"datePublished\":\"2025-03-11T17:46:54+00:00\",\"dateModified\":\"2026-02-16T12:46:40+00:00\",\"description\":\"Retrouvez ici les editions pr\u00e9c\u00e9dentes de la Vall\u00e9e des contes\",\"breadcrumb\":{\"@id\":\"https:\/\/www.valleedescontes.org\/?page_id=27#breadcrumb\"},\"inLanguage\":\"fr-FR\",\"potentialAction\":[{\"@type\":\"ReadAction\",\"target\":[\"https:\/\/www.valleedescontes.org\/?page_id=27\"]}]},{\"@type\":\"ImageObject\",\"inLanguage\":\"fr-FR\",\"@id\":\"https:\/\/www.valleedescontes.org\/?page_id=27#primaryimage\",\"url\":\"https:\/\/www.valleedescontes.org\/wp-content\/uploads\/2025\/03\/Flyer_2024.png\",\"contentUrl\":\"https:\/\/www.valleedescontes.org\/wp-content\/uploads\/2025\/03\/Flyer_2024.png\",\"width\":589,\"height\":1238},{\"@type\":\"BreadcrumbList\",\"@id\":\"https:\/\/www.valleedescontes.org\/?page_id=27#breadcrumb\",\"itemListElement\":[{\"@type\":\"ListItem\",\"position\":1,\"name\":\"Accueil\",\"item\":\"https:\/\/www.valleedescontes.org\/\"},{\"@type\":\"ListItem\",\"position\":2,\"name\":\"\u00c9ditions pr\u00e9c\u00e9dentes\"}]},{\"@type\":\"WebSite\",\"@id\":\"https:\/\/www.valleedescontes.org\/#website\",\"url\":\"https:\/\/www.valleedescontes.org\/\",\"name\":\"La Vall\u00e9e des contes - vall\u00e9e de Munster\",\"description\":\"La Vall\u00e9e des contes - Vall\u00e9e de Munster\",\"publisher\":{\"@id\":\"https:\/\/www.valleedescontes.org\/#organization\"},\"potentialAction\":[{\"@type\":\"SearchAction\",\"target\":{\"@type\":\"EntryPoint\",\"urlTemplate\":\"https:\/\/www.valleedescontes.org\/?s={search_term_string}\"},\"query-input\":{\"@type\":\"PropertyValueSpecification\",\"valueRequired\":true,\"valueName\":\"search_term_string\"}}],\"inLanguage\":\"fr-FR\"},{\"@type\":\"Organization\",\"@id\":\"https:\/\/www.valleedescontes.org\/#organization\",\"name\":\"Vallee des contes\",\"url\":\"https:\/\/www.valleedescontes.org\/\",\"logo\":{\"@type\":\"ImageObject\",\"inLanguage\":\"fr-FR\",\"@id\":\"https:\/\/www.valleedescontes.org\/#\/schema\/logo\/image\/\",\"url\":\"https:\/\/www.valleedescontes.org\/wp-content\/uploads\/2025\/03\/Logo_vallee_des_contes.png\",\"contentUrl\":\"https:\/\/www.valleedescontes.org\/wp-content\/uploads\/2025\/03\/Logo_vallee_des_contes.png\",\"width\":800,\"height\":100,\"caption\":\"Vallee des contes\"},\"image\":{\"@id\":\"https:\/\/www.valleedescontes.org\/#\/schema\/logo\/image\/\"},\"sameAs\":[\"https:\/\/www.facebook.com\/valleedescontes\/\"]}]}<\/script>\n<!-- \/ Yoast SEO plugin. -->","yoast_head_json":{"title":"\u00c9ditions pr\u00e9c\u00e9dentes - La Vall\u00e9e des contes","description":"Retrouvez ici les editions pr\u00e9c\u00e9dentes de la Vall\u00e9e des contes","robots":{"index":"index","follow":"follow","max-snippet":"max-snippet:-1","max-image-preview":"max-image-preview:large","max-video-preview":"max-video-preview:-1"},"canonical":"https:\/\/www.valleedescontes.org\/?page_id=27","og_locale":"fr_FR","og_type":"article","og_title":"\u00c9ditions pr\u00e9c\u00e9dentes - La Vall\u00e9e des contes","og_description":"Retrouvez ici les editions pr\u00e9c\u00e9dentes de la Vall\u00e9e des contes","og_url":"https:\/\/www.valleedescontes.org\/?page_id=27","og_site_name":"La Vall\u00e9e des contes","article_publisher":"https:\/\/www.facebook.com\/valleedescontes\/","article_modified_time":"2026-02-16T12:46:40+00:00","og_image":[{"width":589,"height":1238,"url":"https:\/\/www.valleedescontes.org\/wp-content\/uploads\/2025\/03\/Flyer_2024.png","type":"image\/png"}],"twitter_card":"summary_large_image","twitter_misc":{"Dur\u00e9e de lecture estim\u00e9e":"3 minutes"},"schema":{"@context":"https:\/\/schema.org","@graph":[{"@type":"WebPage","@id":"https:\/\/www.valleedescontes.org\/?page_id=27","url":"https:\/\/www.valleedescontes.org\/?page_id=27","name":"\u00c9ditions pr\u00e9c\u00e9dentes - La Vall\u00e9e des contes","isPartOf":{"@id":"https:\/\/www.valleedescontes.org\/#website"},"primaryImageOfPage":{"@id":"https:\/\/www.valleedescontes.org\/?page_id=27#primaryimage"},"image":{"@id":"https:\/\/www.valleedescontes.org\/?page_id=27#primaryimage"},"thumbnailUrl":"https:\/\/www.valleedescontes.org\/wp-content\/uploads\/2025\/03\/Flyer_2024-487x1024.png","datePublished":"2025-03-11T17:46:54+00:00","dateModified":"2026-02-16T12:46:40+00:00","description":"Retrouvez ici les editions pr\u00e9c\u00e9dentes de la Vall\u00e9e des contes","breadcrumb":{"@id":"https:\/\/www.valleedescontes.org\/?page_id=27#breadcrumb"},"inLanguage":"fr-FR","potentialAction":[{"@type":"ReadAction","target":["https:\/\/www.valleedescontes.org\/?page_id=27"]}]},{"@type":"ImageObject","inLanguage":"fr-FR","@id":"https:\/\/www.valleedescontes.org\/?page_id=27#primaryimage","url":"https:\/\/www.valleedescontes.org\/wp-content\/uploads\/2025\/03\/Flyer_2024.png","contentUrl":"https:\/\/www.valleedescontes.org\/wp-content\/uploads\/2025\/03\/Flyer_2024.png","width":589,"height":1238},{"@type":"BreadcrumbList","@id":"https:\/\/www.valleedescontes.org\/?page_id=27#breadcrumb","itemListElement":[{"@type":"ListItem","position":1,"name":"Accueil","item":"https:\/\/www.valleedescontes.org\/"},{"@type":"ListItem","position":2,"name":"\u00c9ditions pr\u00e9c\u00e9dentes"}]},{"@type":"WebSite","@id":"https:\/\/www.valleedescontes.org\/#website","url":"https:\/\/www.valleedescontes.org\/","name":"La Vall\u00e9e des contes - vall\u00e9e de Munster","description":"La Vall\u00e9e des contes - Vall\u00e9e de Munster","publisher":{"@id":"https:\/\/www.valleedescontes.org\/#organization"},"potentialAction":[{"@type":"SearchAction","target":{"@type":"EntryPoint","urlTemplate":"https:\/\/www.valleedescontes.org\/?s={search_term_string}"},"query-input":{"@type":"PropertyValueSpecification","valueRequired":true,"valueName":"search_term_string"}}],"inLanguage":"fr-FR"},{"@type":"Organization","@id":"https:\/\/www.valleedescontes.org\/#organization","name":"Vallee des contes","url":"https:\/\/www.valleedescontes.org\/","logo":{"@type":"ImageObject","inLanguage":"fr-FR","@id":"https:\/\/www.valleedescontes.org\/#\/schema\/logo\/image\/","url":"https:\/\/www.valleedescontes.org\/wp-content\/uploads\/2025\/03\/Logo_vallee_des_contes.png","contentUrl":"https:\/\/www.valleedescontes.org\/wp-content\/uploads\/2025\/03\/Logo_vallee_des_contes.png","width":800,"height":100,"caption":"Vallee des contes"},"image":{"@id":"https:\/\/www.valleedescontes.org\/#\/schema\/logo\/image\/"},"sameAs":["https:\/\/www.facebook.com\/valleedescontes\/"]}]}},"_links":{"self":[{"href":"https:\/\/www.valleedescontes.org\/index.php?rest_route=\/wp\/v2\/pages\/27","targetHints":{"allow":["GET"]}}],"collection":[{"href":"https:\/\/www.valleedescontes.org\/index.php?rest_route=\/wp\/v2\/pages"}],"about":[{"href":"https:\/\/www.valleedescontes.org\/index.php?rest_route=\/wp\/v2\/types\/page"}],"author":[{"embeddable":true,"href":"https:\/\/www.valleedescontes.org\/index.php?rest_route=\/wp\/v2\/users\/1"}],"replies":[{"embeddable":true,"href":"https:\/\/www.valleedescontes.org\/index.php?rest_route=%2Fwp%2Fv2%2Fcomments&post=27"}],"version-history":[{"count":16,"href":"https:\/\/www.valleedescontes.org\/index.php?rest_route=\/wp\/v2\/pages\/27\/revisions"}],"predecessor-version":[{"id":261,"href":"https:\/\/www.valleedescontes.org\/index.php?rest_route=\/wp\/v2\/pages\/27\/revisions\/261"}],"wp:attachment":[{"href":"https:\/\/www.valleedescontes.org\/index.php?rest_route=%2Fwp%2Fv2%2Fmedia&parent=27"}],"curies":[{"name":"wp","href":"https:\/\/api.w.org\/{rel}","templated":true}]}}